{"id":405,"date":"2022-10-16T22:12:20","date_gmt":"2022-10-16T22:12:20","guid":{"rendered":"https:\/\/mundodereceitas.online\/?page_id=405"},"modified":"2022-10-16T22:12:21","modified_gmt":"2022-10-16T22:12:21","slug":"sobre-nos","status":"publish","type":"page","link":"https:\/\/mundodereceitas.online\/?page_id=405","title":{"rendered":"Sobre n\u00f3s"},"content":{"rendered":"\n<p>Seja bem vindo ao nosso site. Aqui voc\u00ea encontrar\u00e1 diversas receitas e tipos de sobremesas com diversos tipos de preparos, dos mais dif\u00edceis aos mais f\u00e1ceis, que te deixar\u00e1 com \u00e1gua na boca.<\/p>\n\n\n\n<p>Navegue a vontade em nosso site!<\/p>\n\n\n\n<p>Para mais informa\u00e7\u00f5es entre em contato com a gente no E-mail<\/p>\n","protected":false},"excerpt":{"rendered":"<p>Seja bem vindo ao nosso site. Aqui voc\u00ea encontrar\u00e1 diversas receitas e tipos de sobremesas com diversos tipos de preparos,<\/p>\n","protected":false},"author":1,"featured_media":0,"parent":0,"menu_order":0,"comment_status":"closed","ping_status":"closed","template":"","meta":{"om_disable_all_campaigns":false},"aioseo_notices":[],"_links":{"self":[{"href":"https:\/\/mundodereceitas.online\/index.php?rest_route=\/wp\/v2\/pages\/405"}],"collection":[{"href":"https:\/\/mundodereceitas.online\/index.php?rest_route=\/wp\/v2\/pages"}],"about":[{"href":"https:\/\/mundodereceitas.online\/index.php?rest_route=\/wp\/v2\/types\/page"}],"author":[{"embeddable":true,"href":"https:\/\/mundodereceitas.online\/index.php?rest_route=\/wp\/v2\/users\/1"}],"replies":[{"embeddable":true,"href":"https:\/\/mundodereceitas.online\/index.php?rest_route=%2Fwp%2Fv2%2Fcomments&post=405"}],"version-history":[{"count":1,"href":"https:\/\/mundodereceitas.online\/index.php?rest_route=\/wp\/v2\/pages\/405\/revisions"}],"predecessor-version":[{"id":406,"href":"https:\/\/mundodereceitas.online\/index.php?rest_route=\/wp\/v2\/pages\/405\/revisions\/406"}],"wp:attachment":[{"href":"https:\/\/mundodereceitas.online\/index.php?rest_route=%2Fwp%2Fv2%2Fmedia&parent=405"}],"curies":[{"name":"wp","href":"https:\/\/api.w.org\/{rel}","templated":true}]}}